{"id":1029,"date":"2016-11-22T10:23:23","date_gmt":"2016-11-22T10:23:23","guid":{"rendered":"https:\/\/www.webfulcreations.com\/themes\/education\/?page_id=7"},"modified":"2026-03-05T15:18:11","modified_gmt":"2026-03-05T15:18:11","slug":"home","status":"publish","type":"page","link":"https:\/\/www.tertuliadofado.pt\/web\/","title":{"rendered":"Home Page"},"content":{"rendered":"\t\t<div data-elementor-type=\"wp-page\" data-elementor-id=\"1029\" class=\"elementor elementor-1029\">\n\t\t\t\t\t\t<section class=\"elementor-section elementor-top-section elementor-element elementor-element-c91172d elementor-section-boxed elementor-section-height-default elementor-section-height-default\" data-id=\"c91172d\" data-element_type=\"section\" data-e-type=\"section\">\n\t\t\t\t\t\t<div class=\"elementor-container elementor-column-gap-default\">\n\t\t\t\t\t<div class=\"elementor-column elementor-col-100 elementor-top-column elementor-element elementor-element-5c7e39f4\" data-id=\"5c7e39f4\" data-element_type=\"column\" data-e-type=\"column\">\n\t\t\t<div class=\"elementor-widget-wrap elementor-element-populated\">\n\t\t\t\t\t\t<div class=\"elementor-element elementor-element-1233bce8 elementor-widget elementor-widget-slider_revolution\" data-id=\"1233bce8\" data-element_type=\"widget\" data-e-type=\"widget\" data-widget_type=\"slider_revolution.default\">\n\t\t\t\t\t\n\t\t<div class=\"wp-block-themepunch-revslider\">\n\t\t\t\t<p class=\"rs-p-wp-fix\"><\/p>\n\t\t\t\t<sr7-module data-alias=\"home1\" data-id=\"1\" id=\"SR7_1_1\" class=\"rs-ov-hidden\" data-version=\"6.7.35\">\n\t\t\t\t\t<sr7-adjuster><\/sr7-adjuster>\n\t\t\t\t\t<sr7-content>\n\t\t\t\t\t\t<sr7-slide id=\"SR7_1_1-1\" data-key=\"1\">\n\t\t\t\t\t\t\t<sr7-bg id=\"SR7_1_1-1-1\" class=\"sr7-layer\"><noscript><img decoding=\"async\" src=\"https:\/\/www.tertuliadofado.pt\/web\/wp-content\/uploads\/2026\/03\/1.jpg\" alt=\"\" title=\"1\"><\/noscript><\/sr7-bg>\n\t\t\t\t\t\t<\/sr7-slide>\n\t\t\t\t\t\t<sr7-slide id=\"SR7_1_1-2\" data-key=\"2\">\n\t\t\t\t\t\t\t<sr7-bg id=\"SR7_1_1-2-1\" class=\"sr7-layer\"><noscript><img decoding=\"async\" src=\"https:\/\/www.tertuliadofado.pt\/web\/wp-content\/uploads\/2026\/03\/2.jpg\" alt=\"\" title=\"2\"><\/noscript><\/sr7-bg>\n\t\t\t\t\t\t<\/sr7-slide>\n\t\t\t\t\t\t<sr7-slide id=\"SR7_1_1-3\" data-key=\"3\">\n\t\t\t\t\t\t\t<sr7-bg id=\"SR7_1_1-3-1\" class=\"sr7-layer\"><noscript><img decoding=\"async\" src=\"https:\/\/www.tertuliadofado.pt\/web\/wp-content\/uploads\/2026\/03\/3.jpg\" alt=\"\" title=\"3\"><\/noscript><\/sr7-bg>\n\t\t\t\t\t\t<\/sr7-slide>\n\t\t\t\t\t\t<sr7-slide id=\"SR7_1_1-5\" data-key=\"5\">\n\t\t\t\t\t\t\t<sr7-bg id=\"SR7_1_1-5-1\" class=\"sr7-layer\"><noscript><img decoding=\"async\" src=\"https:\/\/www.tertuliadofado.pt\/web\/wp-content\/uploads\/2026\/03\/4.jpg\" alt=\"\" title=\"4\"><\/noscript><\/sr7-bg>\n\t\t\t\t\t\t<\/sr7-slide>\n\t\t\t\t\t\t<sr7-slide id=\"SR7_1_1-4\" data-key=\"4\">\n\t\t\t\t\t\t<\/sr7-slide>\n\t\t\t\t\t<\/sr7-content>\n\t\t\t\t\t<image_lists style=\"display:none\">\n\t\t\t\t\t\t<img data-src=\"\/\/www.tertuliadofado.pt\/web\/wp-content\/uploads\/2026\/03\/1.jpg\" data-libid=\"1077\" data-lib=\"medialibrary\" title=\"1\" width=\"0\" height=\"0\" data-dbsrc=\"Ly93d3cudGVydHVsaWFkb2ZhZG8ucHQvd2ViL3dwLWNvbnRlbnQvdXBsb2Fkcy8yMDI2LzAzLzEuanBn\"\/>\n\t\t\t\t\t\t<img data-src=\"\/\/www.tertuliadofado.pt\/web\/wp-content\/uploads\/2026\/03\/2.jpg\" data-libid=\"1078\" data-lib=\"medialibrary\" title=\"2\" width=\"0\" height=\"0\" data-dbsrc=\"Ly93d3cudGVydHVsaWFkb2ZhZG8ucHQvd2ViL3dwLWNvbnRlbnQvdXBsb2Fkcy8yMDI2LzAzLzIuanBn\"\/>\n\t\t\t\t\t\t<img data-src=\"\/\/www.tertuliadofado.pt\/web\/wp-content\/uploads\/2026\/03\/3.jpg\" data-libid=\"1079\" data-lib=\"medialibrary\" title=\"3\" width=\"0\" height=\"0\" data-dbsrc=\"Ly93d3cudGVydHVsaWFkb2ZhZG8ucHQvd2ViL3dwLWNvbnRlbnQvdXBsb2Fkcy8yMDI2LzAzLzMuanBn\"\/>\n\t\t\t\t\t\t<img loading=\"lazy\" data-src=\"\/\/www.tertuliadofado.pt\/web\/wp-content\/uploads\/2026\/03\/4.jpg\" data-libid=\"1080\" data-lib=\"medialibrary\" title=\"4\" width=\"0\" height=\"0\" data-dbsrc=\"Ly93d3cudGVydHVsaWFkb2ZhZG8ucHQvd2ViL3dwLWNvbnRlbnQvdXBsb2Fkcy8yMDI2LzAzLzQuanBn\"\/>\n\t\t\t\t\t<\/image_lists>\n\t\t\t\t<\/sr7-module>\n\t\t\t\t<script>\n\t\t\t\t\tSR7.PMH ??={}; SR7.PMH[\"SR7_1_1\"] = {cn:100,state:false,fn: function() { if (_tpt!==undefined && _tpt.prepareModuleHeight !== undefined) {  _tpt.prepareModuleHeight({id:\"SR7_1_1\",el:[800,800,768,960,720],type:'standard',shdw:'0',gh:[800,800,768,960,720],gw:[1200,1200,1024,778,480],vpt:['-100px&#039;,&#039;-100px&#039;,&#039;-100px&#039;,&#039;-100px&#039;,&#039;-100px'],size:{fullWidth:true, fullHeight:true},fho:',60px',mh:'0',onh:0,onw:0,bg:{color:'{\"orig\":\"transparent\",\"type\":\"solid\",\"string\":\"transparent\"}'},plType:'-1',plColor:'#aaaaaa'});   SR7.PMH[\"SR7_1_1\"].state=true;} else if(SR7.PMH[\"SR7_1_1\"].cn-->0)\tsetTimeout( SR7.PMH[\"SR7_1_1\"].fn,19);}};SR7.PMH[\"SR7_1_1\" ].fn();\n\t\t\t\t<\/script>\n<\/div>\n\n\t\t\t\t\t\t<\/div>\n\t\t\t\t\t<\/div>\n\t\t<\/div>\n\t\t\t\t\t<\/div>\n\t\t<\/section>\n\t\t\t\t<section class=\"elementor-section elementor-top-section elementor-element elementor-element-6ac5b080 grey-bg elementor-section-boxed elementor-section-height-default elementor-section-height-default\" data-id=\"6ac5b080\" data-element_type=\"section\" data-e-type=\"section\">\n\t\t\t\t\t\t<div class=\"elementor-container elementor-column-gap-default\">\n\t\t\t\t\t<div class=\"elementor-column elementor-col-100 elementor-top-column elementor-element elementor-element-16b992d8\" data-id=\"16b992d8\" data-element_type=\"column\" data-e-type=\"column\">\n\t\t\t<div class=\"elementor-widget-wrap elementor-element-populated\">\n\t\t\t\t\t\t<div class=\"elementor-element elementor-element-492be74c elementor-widget elementor-widget-section-title\" data-id=\"492be74c\" data-element_type=\"widget\" data-e-type=\"widget\" data-widget_type=\"section-title.default\">\n\t\t\t\t<div class=\"elementor-widget-container\">\n\t\t\t\t\t\n\t\t\t\t\t<div class=\"section-title-wrapper columns row\">\n\t\t\t\t<div class=\"section-title\">\n\t\t\t\t\t\t\t\t\t\t\t<h2>\u00daltimos Encontros<\/h2>\n\t\t\t\t\t\t\t\t\t\t\t\t\t\t\t\t<p>Novidades<\/p>\n\t\t\t\t\t\t\t\t\t<\/div>\n\t\t\t<\/div>\n\t\t\n\t\t\n\t\t\t\t\t<\/div>\n\t\t\t\t<\/div>\n\t\t\t\t<div class=\"elementor-element elementor-element-2bf185b elementor-widget elementor-widget-blog_posts\" data-id=\"2bf185b\" data-element_type=\"widget\" data-e-type=\"widget\" data-widget_type=\"blog_posts.default\">\n\t\t\t\t<div class=\"elementor-widget-container\">\n\t\t\t\t\t<div class=\"latest-news posts-wrapper row\"><div class=\"medium-6 large-4 small-12 columns news\"><div class=\"post has-post-thumbnail\"><div class=\"post-thumb\"><a href=\"https:\/\/www.tertuliadofado.pt\/web\/casa-do-alentejo-17-de-outubro-de-2025\/\"><img loading=\"lazy\" decoding=\"async\" width=\"370\" height=\"247\" src=\"https:\/\/www.tertuliadofado.pt\/web\/wp-content\/uploads\/2025\/10\/500__-370x247.jpg\" class=\"attachment-wc-blog-small size-wc-blog-small wp-post-image\" alt=\"\" \/><\/a><\/div><div class=\"post-content\"><div class=\"category-block\"><a href=\"https:\/\/www.tertuliadofado.pt\/web\/category\/atividades\/\">ATIVIDADES<\/a><\/div><!-- Category Block \/--><h4><a href=\"https:\/\/www.tertuliadofado.pt\/web\/casa-do-alentejo-17-de-outubro-de-2025\/\">CASA DO ALENTEJO 17 de Outubro de 2025<\/a><\/h4><p>Tert\u00falia de homenagem a Manuel Alegre. &nbsp; Algumas palavras do discurso de Manuel <a href=\"https:\/\/www.tertuliadofado.pt\/web\/casa-do-alentejo-17-de-outubro-de-2025\/\">Read More&raquo;<\/a><\/p><\/div><\/div><!-- Post ends --><\/div><!-- news Ends \/--><div class=\"medium-6 large-4 small-12 columns news\"><div class=\"post has-post-thumbnail\"><div class=\"post-thumb\"><a href=\"https:\/\/www.tertuliadofado.pt\/web\/casa-do-alentejo-22-de-marco-de-2024\/\"><img loading=\"lazy\" decoding=\"async\" width=\"370\" height=\"247\" src=\"https:\/\/www.tertuliadofado.pt\/web\/wp-content\/uploads\/2016\/11\/22deMarco2024Foto1-370x247.jpg\" class=\"attachment-wc-blog-small size-wc-blog-small wp-post-image\" alt=\"\" \/><\/a><\/div><div class=\"post-content\"><div class=\"category-block\"><a href=\"https:\/\/www.tertuliadofado.pt\/web\/category\/atividades\/\">ATIVIDADES<\/a><\/div><!-- Category Block \/--><h4><a href=\"https:\/\/www.tertuliadofado.pt\/web\/casa-do-alentejo-22-de-marco-de-2024\/\">CASA DO ALENTEJO 22 de Mar\u00e7o de 2024<\/a><\/h4><p>No dia 22 de Mar\u00e7o de 2024, realizou-se mais uma das nossas habituais Tert\u00falias na <a href=\"https:\/\/www.tertuliadofado.pt\/web\/casa-do-alentejo-22-de-marco-de-2024\/\">Read More&raquo;<\/a><\/p><\/div><\/div><!-- Post ends --><\/div><!-- news Ends \/--><div class=\"medium-6 large-4 small-12 columns news\"><div class=\"post has-post-thumbnail\"><div class=\"post-thumb\"><a href=\"https:\/\/www.tertuliadofado.pt\/web\/vamos-aos-fados\/\"><img loading=\"lazy\" decoding=\"async\" width=\"370\" height=\"247\" src=\"https:\/\/www.tertuliadofado.pt\/web\/wp-content\/uploads\/2026\/03\/2023-11-24-370x247.jpg\" class=\"attachment-wc-blog-small size-wc-blog-small wp-post-image\" alt=\"\" \/><\/a><\/div><div class=\"post-content\"><div class=\"category-block\"><a href=\"https:\/\/www.tertuliadofado.pt\/web\/category\/atividades\/\">ATIVIDADES<\/a><\/div><!-- Category Block \/--><h4><a href=\"https:\/\/www.tertuliadofado.pt\/web\/vamos-aos-fados\/\">VAMOS AOS FADOS<\/a><\/h4><p>Destaque para 24 de Novembro de 2023 No dia 24 de Novembro de 2023, realizou-se mais <a href=\"https:\/\/www.tertuliadofado.pt\/web\/vamos-aos-fados\/\">Read More&raquo;<\/a><\/p><\/div><\/div><!-- Post ends --><\/div><!-- news Ends \/--><div class=\"clearfix\"><\/div><\/div><!-- main wrapper ends -->\t\t\t\t<\/div>\n\t\t\t\t<\/div>\n\t\t\t\t\t<\/div>\n\t\t<\/div>\n\t\t\t\t\t<\/div>\n\t\t<\/section>\n\t\t\t\t<\/div>\n\t\t","protected":false},"excerpt":{"rendered":"<p>\u00daltimos Encontros Novidades Sem categoria Ol\u00e1, mundo! Boas-vindas ao WordPress. Este \u00e9 o seu primeiro artigo. Edite-o ou elimine-o, e Read More&raquo; Self Grooming Team Work Lorem ipsum dolor sit amet, consectetur adipiscing elit. Nam nec porttitor nulla. In Read More&raquo; Self Grooming Discipline Lorem ipsum dolor sit amet, consectetur <a class=\"read-more\" href=\"https:\/\/www.tertuliadofado.pt\/web\/vamos-aos-fados\/\">Read More&#8230;<\/a><\/p>\n","protected":false},"author":2,"featured_media":0,"parent":0,"menu_order":0,"comment_status":"closed","ping_status":"closed","template":"elementor_header_footer","meta":{"footnotes":""},"class_list":["post-1029","page","type-page","status-publish","hentry"],"aioseo_notices":[],"_links":{"self":[{"href":"https:\/\/www.tertuliadofado.pt\/web\/wp-json\/wp\/v2\/pages\/1029","targetHints":{"allow":["GET"]}}],"collection":[{"href":"https:\/\/www.tertuliadofado.pt\/web\/wp-json\/wp\/v2\/pages"}],"about":[{"href":"https:\/\/www.tertuliadofado.pt\/web\/wp-json\/wp\/v2\/types\/page"}],"author":[{"embeddable":true,"href":"https:\/\/www.tertuliadofado.pt\/web\/wp-json\/wp\/v2\/users\/2"}],"replies":[{"embeddable":true,"href":"https:\/\/www.tertuliadofado.pt\/web\/wp-json\/wp\/v2\/comments?post=1029"}],"version-history":[{"count":7,"href":"https:\/\/www.tertuliadofado.pt\/web\/wp-json\/wp\/v2\/pages\/1029\/revisions"}],"predecessor-version":[{"id":1076,"href":"https:\/\/www.tertuliadofado.pt\/web\/wp-json\/wp\/v2\/pages\/1029\/revisions\/1076"}],"wp:attachment":[{"href":"https:\/\/www.tertuliadofado.pt\/web\/wp-json\/wp\/v2\/media?parent=1029"}],"curies":[{"name":"wp","href":"https:\/\/api.w.org\/{rel}","templated":true}]}}