{"id":156,"date":"2016-11-25T10:16:29","date_gmt":"2016-11-25T10:16:29","guid":{"rendered":"https:\/\/www.webfulcreations.com\/themes\/education\/?page_id=156"},"modified":"2026-03-05T15:18:15","modified_gmt":"2026-03-05T15:18:15","slug":"links","status":"publish","type":"page","link":"https:\/\/www.tertuliadofado.pt\/web\/links\/","title":{"rendered":"Links"},"content":{"rendered":"\t\t<div data-elementor-type=\"wp-page\" data-elementor-id=\"156\" class=\"elementor elementor-156\">\n\t\t\t\t\t\t<section class=\"elementor-section elementor-top-section elementor-element elementor-element-f732864 elementor-section-boxed elementor-section-height-default elementor-section-height-default\" data-id=\"f732864\" data-element_type=\"section\" data-e-type=\"section\">\n\t\t\t\t\t\t<div class=\"elementor-container elementor-column-gap-default\">\n\t\t\t\t\t<div class=\"elementor-column elementor-col-33 elementor-top-column elementor-element elementor-element-32e2577\" data-id=\"32e2577\" data-element_type=\"column\" data-e-type=\"column\">\n\t\t\t<div class=\"elementor-widget-wrap elementor-element-populated\">\n\t\t\t\t\t\t<div class=\"elementor-element elementor-element-ee8ca14 thumbnail elementor-widget elementor-widget-image\" data-id=\"ee8ca14\" data-element_type=\"widget\" data-e-type=\"widget\" data-widget_type=\"image.default\">\n\t\t\t\t\t\t\t\t\t\t\t\t\t\t\t<img fetchpriority=\"high\" decoding=\"async\" width=\"450\" height=\"279\" src=\"https:\/\/www.tertuliadofado.pt\/web\/wp-content\/uploads\/2026\/03\/1-1.jpg\" class=\"attachment-large size-large wp-image-1091\" alt=\"\" srcset=\"https:\/\/www.tertuliadofado.pt\/web\/wp-content\/uploads\/2026\/03\/1-1.jpg 450w, https:\/\/www.tertuliadofado.pt\/web\/wp-content\/uploads\/2026\/03\/1-1-300x186.jpg 300w\" sizes=\"(max-width: 450px) 100vw, 450px\" \/>\t\t\t\t\t\t\t\t\t\t\t\t\t\t\t<\/div>\n\t\t\t\t\t<\/div>\n\t\t<\/div>\n\t\t\t\t<div class=\"elementor-column elementor-col-66 elementor-top-column elementor-element elementor-element-f7723c6\" data-id=\"f7723c6\" data-element_type=\"column\" data-e-type=\"column\">\n\t\t\t<div class=\"elementor-widget-wrap elementor-element-populated\">\n\t\t\t\t\t\t<div class=\"elementor-element elementor-element-28ec08e staff-introduction elementor-widget elementor-widget-text-editor\" data-id=\"28ec08e\" data-element_type=\"widget\" data-e-type=\"widget\" data-widget_type=\"text-editor.default\">\n\t\t\t\t\t\t\t\t\t<h2><a href=\"http:\/\/www.portaldofado.net\/\" target=\"_blank\" rel=\"noopener\">Portal do Fado<\/a><\/h2>\n<p>O Portal do Fado \u00e9 um espa\u00e7o criado com o objectivo de convergir toda a informa\u00e7\u00e3o acerca do Fado como estilo musical, os fadistas, discos e espect\u00e1culos, em constante actualiza\u00e7\u00e3o, e ainda exp\u00f4r as opini\u00f5es e os pontos de vista dos visitantes, colocar quest\u00f5es e orientar discuss\u00f5es.<\/p>\t\t\t\t\t\t\t\t<\/div>\n\t\t\t\t<div class=\"elementor-element elementor-element-3eee2b2 elementor-widget elementor-widget-button\" data-id=\"3eee2b2\" data-element_type=\"widget\" data-e-type=\"widget\" data-widget_type=\"button.default\">\n\t\t\t\t\t\t\t\t\t\t<a class=\"elementor-button elementor-button-link elementor-size-sm\" href=\"https:\/\/www.portaldofado.net\/\">\n\t\t\t\t\t\t<span class=\"elementor-button-content-wrapper\">\n\t\t\t\t\t\t\t\t\t<span class=\"elementor-button-text\">Visitar o Site<\/span>\n\t\t\t\t\t<\/span>\n\t\t\t\t\t<\/a>\n\t\t\t\t\t\t\t\t<\/div>\n\t\t\t\t\t<\/div>\n\t\t<\/div>\n\t\t\t\t\t<\/div>\n\t\t<\/section>\n\t\t\t\t<section class=\"elementor-section elementor-top-section elementor-element elementor-element-4d9ad57 elementor-section-boxed elementor-section-height-default elementor-section-height-default\" data-id=\"4d9ad57\" data-element_type=\"section\" data-e-type=\"section\">\n\t\t\t\t\t\t<div class=\"elementor-container elementor-column-gap-default\">\n\t\t\t\t\t<div class=\"elementor-column elementor-col-33 elementor-top-column elementor-element elementor-element-88a8cd6\" data-id=\"88a8cd6\" data-element_type=\"column\" data-e-type=\"column\">\n\t\t\t<div class=\"elementor-widget-wrap elementor-element-populated\">\n\t\t\t\t\t\t<div class=\"elementor-element elementor-element-79f1ec7 thumbnail elementor-widget elementor-widget-image\" data-id=\"79f1ec7\" data-element_type=\"widget\" data-e-type=\"widget\" data-widget_type=\"image.default\">\n\t\t\t\t\t\t\t\t\t\t\t\t\t\t\t<img decoding=\"async\" width=\"450\" height=\"279\" src=\"https:\/\/www.tertuliadofado.pt\/web\/wp-content\/uploads\/2026\/03\/2-1.jpg\" class=\"attachment-large size-large wp-image-1092\" alt=\"\" srcset=\"https:\/\/www.tertuliadofado.pt\/web\/wp-content\/uploads\/2026\/03\/2-1.jpg 450w, https:\/\/www.tertuliadofado.pt\/web\/wp-content\/uploads\/2026\/03\/2-1-300x186.jpg 300w\" sizes=\"(max-width: 450px) 100vw, 450px\" \/>\t\t\t\t\t\t\t\t\t\t\t\t\t\t\t<\/div>\n\t\t\t\t\t<\/div>\n\t\t<\/div>\n\t\t\t\t<div class=\"elementor-column elementor-col-66 elementor-top-column elementor-element elementor-element-a6aee3f\" data-id=\"a6aee3f\" data-element_type=\"column\" data-e-type=\"column\">\n\t\t\t<div class=\"elementor-widget-wrap elementor-element-populated\">\n\t\t\t\t\t\t<div class=\"elementor-element elementor-element-f1c5224 staff-introduction elementor-widget elementor-widget-text-editor\" data-id=\"f1c5224\" data-element_type=\"widget\" data-e-type=\"widget\" data-widget_type=\"text-editor.default\">\n\t\t\t\t\t\t\t\t\t<h2><a href=\"http:\/\/www.museudofado.pt\/\" target=\"_blank\" rel=\"noopener\">Museu do Fado<\/a><\/h2>\n<p>Assumindo conceptualmente o Fado como uma arte performativa em permanente constru\u00e7\u00e3o, o Museu integra diferentes val\u00eancias funcionais \u2013 escola do Museu, centro de documenta\u00e7\u00e3o, audit\u00f3rio, circuito expositivo permanente e tempor\u00e1rio \u2013 que, numa perspectiva integrada, contribuem para o cumprimento da miss\u00e3o definida de angaria\u00e7\u00e3o, preserva\u00e7\u00e3o, conserva\u00e7\u00e3o, investiga\u00e7\u00e3o, interpreta\u00e7\u00e3o e frui\u00e7\u00e3o do acervo patrimonial alusivo ao universo do Fado, promovendo o conhecimento e a aprendizagem cont\u00ednua e pluridisciplinar sobre esta express\u00e3o musical..<\/p>\t\t\t\t\t\t\t\t<\/div>\n\t\t\t\t<div class=\"elementor-element elementor-element-06c953d elementor-widget elementor-widget-button\" data-id=\"06c953d\" data-element_type=\"widget\" data-e-type=\"widget\" data-widget_type=\"button.default\">\n\t\t\t\t\t\t\t\t\t\t<a class=\"elementor-button elementor-button-link elementor-size-sm\" href=\"https:\/\/www.museudofado.pt\/\">\n\t\t\t\t\t\t<span class=\"elementor-button-content-wrapper\">\n\t\t\t\t\t\t\t\t\t<span class=\"elementor-button-text\">Visitar o Site<\/span>\n\t\t\t\t\t<\/span>\n\t\t\t\t\t<\/a>\n\t\t\t\t\t\t\t\t<\/div>\n\t\t\t\t\t<\/div>\n\t\t<\/div>\n\t\t\t\t\t<\/div>\n\t\t<\/section>\n\t\t\t\t<section class=\"elementor-section elementor-top-section elementor-element elementor-element-c8e795b elementor-section-boxed elementor-section-height-default elementor-section-height-default\" data-id=\"c8e795b\" data-element_type=\"section\" data-e-type=\"section\">\n\t\t\t\t\t\t<div class=\"elementor-container elementor-column-gap-default\">\n\t\t\t\t\t<div class=\"elementor-column elementor-col-33 elementor-top-column elementor-element elementor-element-9e792cc\" data-id=\"9e792cc\" data-element_type=\"column\" data-e-type=\"column\">\n\t\t\t<div class=\"elementor-widget-wrap elementor-element-populated\">\n\t\t\t\t\t\t<div class=\"elementor-element elementor-element-bc16a50 thumbnail elementor-widget elementor-widget-image\" data-id=\"bc16a50\" data-element_type=\"widget\" data-e-type=\"widget\" data-widget_type=\"image.default\">\n\t\t\t\t\t\t\t\t\t\t\t\t\t\t\t<img decoding=\"async\" width=\"450\" height=\"279\" src=\"https:\/\/www.tertuliadofado.pt\/web\/wp-content\/uploads\/2026\/03\/3-1.jpg\" class=\"attachment-large size-large wp-image-1093\" alt=\"\" srcset=\"https:\/\/www.tertuliadofado.pt\/web\/wp-content\/uploads\/2026\/03\/3-1.jpg 450w, https:\/\/www.tertuliadofado.pt\/web\/wp-content\/uploads\/2026\/03\/3-1-300x186.jpg 300w\" sizes=\"(max-width: 450px) 100vw, 450px\" \/>\t\t\t\t\t\t\t\t\t\t\t\t\t\t\t<\/div>\n\t\t\t\t\t<\/div>\n\t\t<\/div>\n\t\t\t\t<div class=\"elementor-column elementor-col-66 elementor-top-column elementor-element elementor-element-b419184\" data-id=\"b419184\" data-element_type=\"column\" data-e-type=\"column\">\n\t\t\t<div class=\"elementor-widget-wrap elementor-element-populated\">\n\t\t\t\t\t\t<div class=\"elementor-element elementor-element-7848a47 staff-introduction elementor-widget elementor-widget-text-editor\" data-id=\"7848a47\" data-element_type=\"widget\" data-e-type=\"widget\" data-widget_type=\"text-editor.default\">\n\t\t\t\t\t\t\t\t\t<h2><a href=\"http:\/\/www.guitarradecoimbra4.blogspot.pt\/\" target=\"_blank\" rel=\"noopener\">Ant\u00f3nio S\u00e9rgio para Fado de Coimbra<\/a><\/h2>\n<p>Este blogue tem a autoria de Ant\u00f3nio S\u00e9rgio e engloba v\u00e1rios aspectos sobre o Fado de Coimbra.<\/p>\t\t\t\t\t\t\t\t<\/div>\n\t\t\t\t<div class=\"elementor-element elementor-element-70c47cf elementor-widget elementor-widget-button\" data-id=\"70c47cf\" data-element_type=\"widget\" data-e-type=\"widget\" data-widget_type=\"button.default\">\n\t\t\t\t\t\t\t\t\t\t<a class=\"elementor-button elementor-button-link elementor-size-sm\" href=\"http:\/\/guitarradecoimbra4.blogspot.com\/\">\n\t\t\t\t\t\t<span class=\"elementor-button-content-wrapper\">\n\t\t\t\t\t\t\t\t\t<span class=\"elementor-button-text\">Visitar o Site<\/span>\n\t\t\t\t\t<\/span>\n\t\t\t\t\t<\/a>\n\t\t\t\t\t\t\t\t<\/div>\n\t\t\t\t\t<\/div>\n\t\t<\/div>\n\t\t\t\t\t<\/div>\n\t\t<\/section>\n\t\t\t\t<section class=\"elementor-section elementor-top-section elementor-element elementor-element-7d32137 elementor-section-boxed elementor-section-height-default elementor-section-height-default\" data-id=\"7d32137\" data-element_type=\"section\" data-e-type=\"section\">\n\t\t\t\t\t\t<div class=\"elementor-container elementor-column-gap-default\">\n\t\t\t\t\t<div class=\"elementor-column elementor-col-33 elementor-top-column elementor-element elementor-element-e6f6962\" data-id=\"e6f6962\" data-element_type=\"column\" data-e-type=\"column\">\n\t\t\t<div class=\"elementor-widget-wrap elementor-element-populated\">\n\t\t\t\t\t\t<div class=\"elementor-element elementor-element-29638b3 thumbnail elementor-widget elementor-widget-image\" data-id=\"29638b3\" data-element_type=\"widget\" data-e-type=\"widget\" data-widget_type=\"image.default\">\n\t\t\t\t\t\t\t\t\t\t\t\t\t\t\t<img loading=\"lazy\" decoding=\"async\" width=\"450\" height=\"279\" src=\"https:\/\/www.tertuliadofado.pt\/web\/wp-content\/uploads\/2026\/03\/4-1.jpg\" class=\"attachment-large size-large wp-image-1094\" alt=\"\" srcset=\"https:\/\/www.tertuliadofado.pt\/web\/wp-content\/uploads\/2026\/03\/4-1.jpg 450w, https:\/\/www.tertuliadofado.pt\/web\/wp-content\/uploads\/2026\/03\/4-1-300x186.jpg 300w\" sizes=\"(max-width: 450px) 100vw, 450px\" \/>\t\t\t\t\t\t\t\t\t\t\t\t\t\t\t<\/div>\n\t\t\t\t\t<\/div>\n\t\t<\/div>\n\t\t\t\t<div class=\"elementor-column elementor-col-66 elementor-top-column elementor-element elementor-element-5629c0d\" data-id=\"5629c0d\" data-element_type=\"column\" data-e-type=\"column\">\n\t\t\t<div class=\"elementor-widget-wrap elementor-element-populated\">\n\t\t\t\t\t\t<div class=\"elementor-element elementor-element-df6a6cf staff-introduction elementor-widget elementor-widget-text-editor\" data-id=\"df6a6cf\" data-element_type=\"widget\" data-e-type=\"widget\" data-widget_type=\"text-editor.default\">\n\t\t\t\t\t\t\t\t\t<h2><a href=\"https:\/\/www.youtube.com\/channel\/UCgkFxuFnhnByVZcs0JYrHCw\/videos\" target=\"_blank\" rel=\"noopener\">Os nossos videos no Youtube<\/a><\/h2>\n<p>Veja no Youtube alguns videos dos nossos encontros. Basta pesquisar no youtube por tertulia do fado e da inquieta\u00e7\u00e3o.<\/p>\t\t\t\t\t\t\t\t<\/div>\n\t\t\t\t<div class=\"elementor-element elementor-element-c371b04 elementor-widget elementor-widget-button\" data-id=\"c371b04\" data-element_type=\"widget\" data-e-type=\"widget\" data-widget_type=\"button.default\">\n\t\t\t\t\t\t\t\t\t\t<a class=\"elementor-button elementor-button-link elementor-size-sm\" href=\"https:\/\/www.youtube.com\/channel\/UCgkFxuFnhnByVZcs0JYrHCw\/videos\">\n\t\t\t\t\t\t<span class=\"elementor-button-content-wrapper\">\n\t\t\t\t\t\t\t\t\t<span class=\"elementor-button-text\">Visitar o Site<\/span>\n\t\t\t\t\t<\/span>\n\t\t\t\t\t<\/a>\n\t\t\t\t\t\t\t\t<\/div>\n\t\t\t\t\t<\/div>\n\t\t<\/div>\n\t\t\t\t\t<\/div>\n\t\t<\/section>\n\t\t\t\t<\/div>\n\t\t","protected":false},"excerpt":{"rendered":"<p>Portal do Fado O Portal do Fado \u00e9 um espa\u00e7o criado com o objectivo de convergir toda a informa\u00e7\u00e3o acerca do Fado como estilo musical, os fadistas, discos e espect\u00e1culos, em constante actualiza\u00e7\u00e3o, e ainda exp\u00f4r as opini\u00f5es e os pontos de vista dos visitantes, colocar quest\u00f5es e orientar discuss\u00f5es. <a class=\"read-more\" href=\"https:\/\/www.tertuliadofado.pt\/web\/links\/\">Read More&#8230;<\/a><\/p>\n","protected":false},"author":2,"featured_media":0,"parent":0,"menu_order":0,"comment_status":"closed","ping_status":"closed","template":"template-modules.php","meta":{"footnotes":""},"class_list":["post-156","page","type-page","status-publish","hentry"],"aioseo_notices":[],"_links":{"self":[{"href":"https:\/\/www.tertuliadofado.pt\/web\/wp-json\/wp\/v2\/pages\/156","targetHints":{"allow":["GET"]}}],"collection":[{"href":"https:\/\/www.tertuliadofado.pt\/web\/wp-json\/wp\/v2\/pages"}],"about":[{"href":"https:\/\/www.tertuliadofado.pt\/web\/wp-json\/wp\/v2\/types\/page"}],"author":[{"embeddable":true,"href":"https:\/\/www.tertuliadofado.pt\/web\/wp-json\/wp\/v2\/users\/2"}],"replies":[{"embeddable":true,"href":"https:\/\/www.tertuliadofado.pt\/web\/wp-json\/wp\/v2\/comments?post=156"}],"version-history":[{"count":9,"href":"https:\/\/www.tertuliadofado.pt\/web\/wp-json\/wp\/v2\/pages\/156\/revisions"}],"predecessor-version":[{"id":1138,"href":"https:\/\/www.tertuliadofado.pt\/web\/wp-json\/wp\/v2\/pages\/156\/revisions\/1138"}],"wp:attachment":[{"href":"https:\/\/www.tertuliadofado.pt\/web\/wp-json\/wp\/v2\/media?parent=156"}],"curies":[{"name":"wp","href":"https:\/\/api.w.org\/{rel}","templated":true}]}}