{"id":188,"date":"2016-11-25T10:25:50","date_gmt":"2016-11-25T10:25:50","guid":{"rendered":"https:\/\/www.webfulcreations.com\/themes\/education\/?page_id=188"},"modified":"2026-03-05T15:19:17","modified_gmt":"2026-03-05T15:19:17","slug":"quem-somos","status":"publish","type":"page","link":"https:\/\/www.tertuliadofado.pt\/web\/quem-somos\/","title":{"rendered":"Quem Somos"},"content":{"rendered":"\t\t<div data-elementor-type=\"wp-page\" data-elementor-id=\"188\" class=\"elementor elementor-188\">\n\t\t\t\t\t\t<section class=\"elementor-section elementor-top-section elementor-element elementor-element-3123ded elementor-section-boxed elementor-section-height-default elementor-section-height-default\" data-id=\"3123ded\" data-element_type=\"section\" data-e-type=\"section\">\n\t\t\t\t\t\t<div class=\"elementor-container elementor-column-gap-default\">\n\t\t\t\t\t<div class=\"elementor-column elementor-col-100 elementor-top-column elementor-element elementor-element-dbdf93e welcome-message\" data-id=\"dbdf93e\" data-element_type=\"column\" data-e-type=\"column\">\n\t\t\t<div class=\"elementor-widget-wrap elementor-element-populated\">\n\t\t\t\t\t\t<div class=\"elementor-element elementor-element-7c2ab6f elementor-widget elementor-widget-text-editor\" data-id=\"7c2ab6f\" data-element_type=\"widget\" data-e-type=\"widget\" data-widget_type=\"text-editor.default\">\n\t\t\t\t\t\t\t\t\t<h2><img fetchpriority=\"high\" decoding=\"async\" src=\"https:\/\/www.tertuliadofado.pt\/web\/wp-content\/uploads\/2026\/03\/quem_somos.jpg\" alt=\"\" width=\"700\" height=\"200\" \/><\/h2><h2>Apresenta\u00e7\u00e3o<\/h2><section><p>Somos um grupo de amigos, amantes da m\u00fasica, que prezam de uma forma especial a sua express\u00e3o portuguesa, tanto no Fado de Lisboa como no Fado (Can\u00e7\u00e3o) de Coimbra.<\/p><p>Estamos organizados em Tert\u00falia, seguindo os princ\u00edpios de uma Associa\u00e7\u00e3o sem fins lucrativos, com Estatutos e \u00d3rg\u00e3os Sociais. Organizamos tr\u00eas ou quatro grandes encontros anualmente, com o prop\u00f3sito de saborear o conv\u00edvio e de fazer cultura em redor da m\u00fasica. Reunimos \u00e0 mesa do jantar com os amigos e, depois, tocamos, cantamos e ouvimos Fado (Can\u00e7\u00e3o) de Coimbra e Fado de Lisboa. V\u00e1rios s\u00f3cios da Tert\u00falia, um grupo associado ao Fado de Lisboa e um grupo associado ao Fado (Can\u00e7\u00e3o) de Coimbra, asseguram o programa musical, mas os amigos e convidados que queiram participar encontram sempre uma porta aberta para \u201cfazer o gosto \u00e0 voz\u201d.<\/p><p>Ao longo do ano vamos mantendo o conv\u00edvio entre os associados, frequentando outras tert\u00falias, casas de fado ou eventos, em especial aqueles que t\u00eam o patroc\u00ednio ou a participa\u00e7\u00e3o de associados\/amigos.<\/p><p>Somos amadores mas temos contado com amizade de grandes profissionais que nos privilegiam com a sua participa\u00e7\u00e3o nos nossos encontros. \u00c9 o caso de Cust\u00f3dio Castelo e o trio, com Carlos Garcia e Carlos Menezes, Jorge Fernando, Joel Pina e Paulo Valentim. Para acompanhar os nossos cantores, nomes bem conhecidos, desde os mais antigos aos mais jovens como, por exemplo: Jos\u00e9 Martins e M\u00e1rio Cotrim; Guilherme Banza, Henrique Leit\u00e3o e Carlos Leit\u00e3o; Sid\u00f3nio Pereira, Filipe Rebelo e Bruno Costa; Tiago Morna e Nuno Estevens; Marta Pereira da Costa; \u00c2ngelo Freire e Fl\u00e1vio Cardoso J\u00fanior. Fadistas profissionais, generosamente, j\u00e1 partilharam o palco connosco: Cristina Maria, Cristina N\u00f3brega, F\u00e1bia Rebord\u00e3o, Lu\u00edsa Rocha, Joana Veiga, Liliana Santos, Jorge Baptista da Silva e Rodrigo da Costa F\u00e9lix.<\/p><p><strong>Existimos informalmente desde 2003 mas, como estrutura organizada, desde 2005.<\/strong><\/p><p><strong>A primeira direc\u00e7\u00e3o,<\/strong> em actividade at\u00e9 2009, foi constitu\u00edda pelos associados fundadores: Presidente \u2013 Manuel Marques In\u00e1cio; Vice-Presidente \u2013 Anabela Paix\u00e3o; Tesoureira \u2013 Cristina Ferreira e mais tarde, por delega\u00e7\u00e3o, Jos\u00e9 Melo Estima.<\/p><p><strong>A segunda direc\u00e7\u00e3o,<\/strong> esteve em fun\u00e7\u00f5es entre 2010-2012 e foi constitu\u00edda pelos associados: Presidente &#8211; Ant\u00f3nio Tom\u00e1s Correia, Vice-Presidente \u2013 Manuel Relvas, Secret\u00e1rio \u2013 Manuel Patr\u00edcio, Tesoureira \u2013 Clara Norton Brand\u00e3o e Vogal \u2013 Manuel Norton Brand\u00e3o.<\/p><p><strong>A terceira direc\u00e7\u00e3o<\/strong> foi constitu\u00edda pelos associados: Presidente \u2013 Manuel Relvas, Vice-Presidente \u2013 Patr\u00edcia Brand\u00e3o, Secret\u00e1ria \u2013 Anabela Paix\u00e3o, Tesoureira \u2013 Luisa Carvalhaes e Vogal \u2013 Clara Norton Brand\u00e3o.<\/p><p><strong>A quarta dire\u00e7\u00e3o,<\/strong> eleita para o bi\u00e9nio 2014-2016, \u00e9 constitu\u00edda pelos associados: Presidente \u2013 Manuel Relvas; Vice-Presidente \u2013 Patr\u00edcia Brand\u00e3o, Secret\u00e1ria \u2013 Anabela Paix\u00e3o, Tesoureira \u2013 Lu\u00edsa Carvalhais e Vogal \u2013 Ant\u00f3nio Leit\u00e3o.<\/p><p>Embora amadores, consideramos que deve ser mantido um padr\u00e3o de qualidade musical nos nossos encontros e, nesse sentido, temos feito um esfor\u00e7o para esse factor ser um elemento permanente na actua\u00e7\u00e3o dos nossos associados e convidados. Como suporte de base a este aspecto, muitos associados mant\u00eam um trabalho base individual, com aulas de canto, que acabam sempre por ter um reflexo positivo nas suas actua\u00e7\u00f5es.<\/p><\/section>\t\t\t\t\t\t\t\t<\/div>\n\t\t\t\t\t<\/div>\n\t\t<\/div>\n\t\t\t\t\t<\/div>\n\t\t<\/section>\n\t\t\t\t<\/div>\n\t\t","protected":false},"excerpt":{"rendered":"<p>Apresenta\u00e7\u00e3o Somos um grupo de amigos, amantes da m\u00fasica, que prezam de uma forma especial a sua express\u00e3o portuguesa, tanto no Fado de Lisboa como no Fado (Can\u00e7\u00e3o) de Coimbra. Estamos organizados em Tert\u00falia, seguindo os princ\u00edpios de uma Associa\u00e7\u00e3o sem fins lucrativos, com Estatutos e \u00d3rg\u00e3os Sociais. Organizamos tr\u00eas <a class=\"read-more\" href=\"https:\/\/www.tertuliadofado.pt\/web\/quem-somos\/\">Read More&#8230;<\/a><\/p>\n","protected":false},"author":2,"featured_media":0,"parent":0,"menu_order":0,"comment_status":"closed","ping_status":"closed","template":"","meta":{"footnotes":""},"class_list":["post-188","page","type-page","status-publish","hentry"],"aioseo_notices":[],"_links":{"self":[{"href":"https:\/\/www.tertuliadofado.pt\/web\/wp-json\/wp\/v2\/pages\/188","targetHints":{"allow":["GET"]}}],"collection":[{"href":"https:\/\/www.tertuliadofado.pt\/web\/wp-json\/wp\/v2\/pages"}],"about":[{"href":"https:\/\/www.tertuliadofado.pt\/web\/wp-json\/wp\/v2\/types\/page"}],"author":[{"embeddable":true,"href":"https:\/\/www.tertuliadofado.pt\/web\/wp-json\/wp\/v2\/users\/2"}],"replies":[{"embeddable":true,"href":"https:\/\/www.tertuliadofado.pt\/web\/wp-json\/wp\/v2\/comments?post=188"}],"version-history":[{"count":6,"href":"https:\/\/www.tertuliadofado.pt\/web\/wp-json\/wp\/v2\/pages\/188\/revisions"}],"predecessor-version":[{"id":1193,"href":"https:\/\/www.tertuliadofado.pt\/web\/wp-json\/wp\/v2\/pages\/188\/revisions\/1193"}],"wp:attachment":[{"href":"https:\/\/www.tertuliadofado.pt\/web\/wp-json\/wp\/v2\/media?parent=188"}],"curies":[{"name":"wp","href":"https:\/\/api.w.org\/{rel}","templated":true}]}}